{"id":595,"date":"2025-05-04T08:57:18","date_gmt":"2025-05-04T06:57:18","guid":{"rendered":"https:\/\/grawmetropolie.polsl.pl\/?page_id=595"},"modified":"2025-06-18T00:10:42","modified_gmt":"2025-06-17T22:10:42","slug":"gra-planszowa","status":"publish","type":"page","link":"https:\/\/grawmetropolie.polsl.pl\/index.php\/gra-planszowa\/","title":{"rendered":"GRA PLANSZOWA"},"content":{"rendered":"\n<div class=\"wp-block-uagb-advanced-heading uagb-block-0808c31f\"><h5 class=\"uagb-heading-text\">Zaplanuj. Zbuduj. Zarz\u0105dzaj. Sta\u0144 si\u0119 tw\u00f3rc\u0105 nowoczesnej metropolii!<\/h5><\/div>\n\n\n\n<p><\/p>\n\n\n\n<p>METROPOLII to innowacyjna gra planszowa opracowana na Politechnice \u015al\u0105skiej, przez ko\u0142o URBANMODEL kt\u00f3ra przenosi graczy w \u015bwiat miejskich wyzwa\u0144, strategii i zr\u00f3wnowa\u017conego rozwoju. Gracze wcielaj\u0105 si\u0119 w role urbanist\u00f3w i zarz\u0105dc\u00f3w miast, kt\u00f3rych celem jest stworzenie najlepiej funkcjonuj\u0105cej i najbardziej przyjaznej mieszka\u0144com metropolii<\/p>\n\n\n\n<div class=\"wp-block-uagb-image uagb-block-ab9f7532 wp-block-uagb-image--layout-default wp-block-uagb-image--effect-static wp-block-uagb-image--align-none\"><figure class=\"wp-block-uagb-image__figure\"><img decoding=\"async\" srcset=\"https:\/\/grawmetropolie.polsl.pl\/wp-content\/uploads\/2025\/05\/METROPOLII-1-1024x683.jpg ,https:\/\/grawmetropolie.polsl.pl\/wp-content\/uploads\/2025\/05\/METROPOLII-1-scaled.jpg 780w, https:\/\/grawmetropolie.polsl.pl\/wp-content\/uploads\/2025\/05\/METROPOLII-1-scaled.jpg 360w\" sizes=\"auto, (max-width: 480px) 150px\" src=\"https:\/\/grawmetropolie.polsl.pl\/wp-content\/uploads\/2025\/05\/METROPOLII-1-1024x683.jpg\" alt=\"\" class=\"uag-image-599\" width=\"1024\" height=\"683\" title=\"METROPOLII-1\" loading=\"lazy\" role=\"img\"\/><\/figure><\/div>\n\n\n\n<p><\/p>\n\n\n\n<p>Podczas rozgrywki podejmujesz decyzje dotycz\u0105ce infrastruktury, transportu, energii, ochrony \u015brodowiska i bud\u017cetu. Ka\u017cdy wyb\u00f3r ma swoje konsekwencje \u2013 zar\u00f3wno spo\u0142eczne, jak i ekonomiczne. Gra rozwija umiej\u0119tno\u015bci analityczne, uczy my\u015blenia systemowego oraz przybli\u017ca zagadnienia zwi\u0105zane z planowaniem przestrzennym i inteligentnymi miastami.<\/p>\n\n\n\n<p><\/p>\n\n\n\t\t\t\t\t<div\n\t\t\t\t\t\tclass=\"wp-block-uagb-image-gallery uagb-block-c2f7cb13     \"\n\t\t\t\t\t\tstyle=\"\"\n\t\t\t\t\t>\n\t\t\t\t\t\t\t\t\t\t\t<div class=\"spectra-image-gallery spectra-image-gallery__layout--carousel\">\n\t\t\t\t\t\t\t\t<div class=\"uagb-slick-carousel uagb-block-c2f7cb13\">\n\t\t\t\t\t\t\t\t\t\t\t\t<div class='spectra-image-gallery__media-wrapper' data-spectra-gallery-image-id='613'>\n\t\t\t\t\t\t\t<div class=\"spectra-image-gallery__media spectra-image-gallery__media--carousel\">\n\t\t\t\t<picture>\n\t\t\t\t\t<source media=\"(min-width: 1024px)\" srcset=\"https:\/\/grawmetropolie.polsl.pl\/wp-content\/uploads\/2025\/05\/METROPOLII-2-1-1024x683.jpg\">\n\t\t\t\t\t<source media=\"(min-width: 768px)\" srcset=\"https:\/\/grawmetropolie.polsl.pl\/wp-content\/uploads\/2025\/05\/METROPOLII-2-1-1024x683.jpg\">\n\t\t\t\t\t<img decoding=\"async\" class=\"spectra-image-gallery__media-thumbnail spectra-image-gallery__media-thumbnail--carousel\" src=\"https:\/\/grawmetropolie.polsl.pl\/wp-content\/uploads\/2025\/05\/METROPOLII-2-1-300x200.jpg\" alt=\"\" loading=\"lazy\" \/>\n\t\t\t\t<\/picture>\n\t\t\t\t<div class=\"spectra-image-gallery__media-thumbnail-blurrer\"><\/div>\n\t\t\t\t\t\t\t\t\t\t\t<div class=\"spectra-image-gallery__media-thumbnail-caption-wrapper spectra-image-gallery__media-thumbnail-caption-wrapper--overlay\"><\/div>\n\t\t\t\t\t\t\t\t<\/div>\n\t\t\t\t\t\t<\/div>\n\t\t\t\t\t\t<div class='spectra-image-gallery__media-wrapper' data-spectra-gallery-image-id='606'>\n\t\t\t\t\t\t\t<div class=\"spectra-image-gallery__media spectra-image-gallery__media--carousel\">\n\t\t\t\t<picture>\n\t\t\t\t\t<source media=\"(min-width: 1024px)\" srcset=\"https:\/\/grawmetropolie.polsl.pl\/wp-content\/uploads\/2025\/05\/METROPOLII-6-1024x683.jpg\">\n\t\t\t\t\t<source media=\"(min-width: 768px)\" srcset=\"https:\/\/grawmetropolie.polsl.pl\/wp-content\/uploads\/2025\/05\/METROPOLII-6-1024x683.jpg\">\n\t\t\t\t\t<img decoding=\"async\" class=\"spectra-image-gallery__media-thumbnail spectra-image-gallery__media-thumbnail--carousel\" src=\"https:\/\/grawmetropolie.polsl.pl\/wp-content\/uploads\/2025\/05\/METROPOLII-6-300x200.jpg\" alt=\"\" loading=\"lazy\" \/>\n\t\t\t\t<\/picture>\n\t\t\t\t<div class=\"spectra-image-gallery__media-thumbnail-blurrer\"><\/div>\n\t\t\t\t\t\t\t\t\t\t\t<div class=\"spectra-image-gallery__media-thumbnail-caption-wrapper spectra-image-gallery__media-thumbnail-caption-wrapper--overlay\"><\/div>\n\t\t\t\t\t\t\t\t<\/div>\n\t\t\t\t\t\t<\/div>\n\t\t\t\t\t\t<div class='spectra-image-gallery__media-wrapper' data-spectra-gallery-image-id='607'>\n\t\t\t\t\t\t\t<div class=\"spectra-image-gallery__media spectra-image-gallery__media--carousel\">\n\t\t\t\t<picture>\n\t\t\t\t\t<source media=\"(min-width: 1024px)\" srcset=\"https:\/\/grawmetropolie.polsl.pl\/wp-content\/uploads\/2025\/05\/METROPOLII-8-1024x683.jpg\">\n\t\t\t\t\t<source media=\"(min-width: 768px)\" srcset=\"https:\/\/grawmetropolie.polsl.pl\/wp-content\/uploads\/2025\/05\/METROPOLII-8-1024x683.jpg\">\n\t\t\t\t\t<img decoding=\"async\" class=\"spectra-image-gallery__media-thumbnail spectra-image-gallery__media-thumbnail--carousel\" src=\"https:\/\/grawmetropolie.polsl.pl\/wp-content\/uploads\/2025\/05\/METROPOLII-8-300x200.jpg\" alt=\"\" loading=\"lazy\" \/>\n\t\t\t\t<\/picture>\n\t\t\t\t<div class=\"spectra-image-gallery__media-thumbnail-blurrer\"><\/div>\n\t\t\t\t\t\t\t\t\t\t\t<div class=\"spectra-image-gallery__media-thumbnail-caption-wrapper spectra-image-gallery__media-thumbnail-caption-wrapper--overlay\"><\/div>\n\t\t\t\t\t\t\t\t<\/div>\n\t\t\t\t\t\t<\/div>\n\t\t\t\t\t\t<div class='spectra-image-gallery__media-wrapper' data-spectra-gallery-image-id='612'>\n\t\t\t\t\t\t\t<div class=\"spectra-image-gallery__media spectra-image-gallery__media--carousel\">\n\t\t\t\t<picture>\n\t\t\t\t\t<source media=\"(min-width: 1024px)\" srcset=\"https:\/\/grawmetropolie.polsl.pl\/wp-content\/uploads\/2025\/05\/METROPOLII-3-1024x683.jpg\">\n\t\t\t\t\t<source media=\"(min-width: 768px)\" srcset=\"https:\/\/grawmetropolie.polsl.pl\/wp-content\/uploads\/2025\/05\/METROPOLII-3-1024x683.jpg\">\n\t\t\t\t\t<img decoding=\"async\" class=\"spectra-image-gallery__media-thumbnail spectra-image-gallery__media-thumbnail--carousel\" src=\"https:\/\/grawmetropolie.polsl.pl\/wp-content\/uploads\/2025\/05\/METROPOLII-3-300x200.jpg\" alt=\"\" loading=\"lazy\" \/>\n\t\t\t\t<\/picture>\n\t\t\t\t<div class=\"spectra-image-gallery__media-thumbnail-blurrer\"><\/div>\n\t\t\t\t\t\t\t\t\t\t\t<div class=\"spectra-image-gallery__media-thumbnail-caption-wrapper spectra-image-gallery__media-thumbnail-caption-wrapper--overlay\"><\/div>\n\t\t\t\t\t\t\t\t<\/div>\n\t\t\t\t\t\t<\/div>\n\t\t\t\t\t\t<div class='spectra-image-gallery__media-wrapper' data-spectra-gallery-image-id='610'>\n\t\t\t\t\t\t\t<div class=\"spectra-image-gallery__media spectra-image-gallery__media--carousel\">\n\t\t\t\t<picture>\n\t\t\t\t\t<source media=\"(min-width: 1024px)\" srcset=\"https:\/\/grawmetropolie.polsl.pl\/wp-content\/uploads\/2025\/05\/METROPOLII-7-1024x683.jpg\">\n\t\t\t\t\t<source media=\"(min-width: 768px)\" srcset=\"https:\/\/grawmetropolie.polsl.pl\/wp-content\/uploads\/2025\/05\/METROPOLII-7-1024x683.jpg\">\n\t\t\t\t\t<img decoding=\"async\" class=\"spectra-image-gallery__media-thumbnail spectra-image-gallery__media-thumbnail--carousel\" src=\"https:\/\/grawmetropolie.polsl.pl\/wp-content\/uploads\/2025\/05\/METROPOLII-7-300x200.jpg\" alt=\"\" loading=\"lazy\" \/>\n\t\t\t\t<\/picture>\n\t\t\t\t<div class=\"spectra-image-gallery__media-thumbnail-blurrer\"><\/div>\n\t\t\t\t\t\t\t\t\t\t\t<div class=\"spectra-image-gallery__media-thumbnail-caption-wrapper spectra-image-gallery__media-thumbnail-caption-wrapper--overlay\"><\/div>\n\t\t\t\t\t\t\t\t<\/div>\n\t\t\t\t\t\t<\/div>\n\t\t\t\t\t\t\t\t\t\t\t<\/div>\n\t\t\t\t\t\t\t<\/div>\n\t\t\t\t\t\t\t\t\t\t\t<\/div>\n\t\t\t\t\t\t\t\t\t\n\n\n<p><strong>Dla kogo?<\/strong><br>METROPOLII to gra dla m\u0142odzie\u017cy, student\u00f3w i wszystkich pasjonat\u00f3w nowoczesnych miast. \u015awietnie sprawdzi si\u0119 jako narz\u0119dzie edukacyjne, ale te\u017c jako anga\u017cuj\u0105ca gra towarzyska.<\/p>\n\n\n\n<p><strong>Czas gry:<\/strong> ok. 60\u201390 minut<br><strong>Liczba graczy:<\/strong> 2+<\/p>\n\n\n\n<p>METROPOLI to innowacyjna gra planszowa opracowana na Politechnice \u015al\u0105skiej, przez ko\u0142o URBANMODEL kt\u00f3ra przenosi graczy w \u015bwiat miejskich wyzwa\u0144, strategii i zr\u00f3wnowa\u017conego rozwoju. Gracze wcielaj\u0105 si\u0119 w role urbanist\u00f3w i zarz\u0105dc\u00f3w miast, kt\u00f3rych celem jest stworzenie najlepiej funkcjonuj\u0105cej i najbardziej przyjaznej mieszka\u0144com metropolii. Podczas rozgrywki podejmujesz decyzje dotycz\u0105ce infrastruktury, transportu, energii, ochrony \u015brodowiska i bud\u017cetu. Ka\u017cdy wyb\u00f3r ma swoje konsekwencje \u2013 zar\u00f3wno spo\u0142eczne, jak i ekonomiczne. Gra rozwija umiej\u0119tno\u015bci analityczne, uczy my\u015blenia systemowego oraz przybli\u017ca zagadnienia zwi\u0105zane z planowaniem przestrzennym i inteligentnymi miastami.<\/p>\n\n\n\n<p><\/p>\n\n\n\n<p>Gra zosta\u0142a przygotowana dla odbiorc\u00f3w w ka\u017cdym wieku. Oferuje klasyczn\u0105 gr\u0119 w karty, u\u0142o\u017cenie mapy metropolii jak puzzli, wspomaga orientacj\u0119, zawiera quizy i gry planszowe, kt\u00f3re przybli\u017caj\u0105 wiedz\u0119 o GZM. Karty zawieraj\u0105 odwo\u0142ania do lokalizacji, kt\u00f3re mo\u017cna do\u015bwiadcza\u0107 w formie modeli 3D, tak\u017ce z wykorzystaniem rzeczywisto\u015bci rozszerzonej. Ka\u017cda z kart odwo\u0142uje si\u0119 do rzeczywistej lokalizacji i reprezentuje warto\u015bci charakterystycznych wska\u017anik\u00f3w urbanistycznych: powierzchni, g\u0119sto\u015bci zaludnienia, ilo\u015bci teren\u00f3w zieleni oraz inne., GRA W METROPOLI\u0118 GZM demonstruje jej potencja\u0142, a tak\u017ce uczy bawi\u0105c.<br>Gra planszowa pozwala na realizacj\u0119 rozgrywki, w kt\u00f3rej gracze poruszaj\u0105 si\u0119 po Metropolii GZM, inwestuj\u0105 w wybrane lokalizacje, wykorzystuj\u0105 po\u0142\u0105czenia autostradowe i velostradowe pomi\u0119dzy wybranymi lokacjami, by skr\u00f3ci\u0107 sobie drog\u0119 (przez analogi\u0119 do najlepiej skomunikowanej metropolii w Polsce). Gra planszowa zawiera wirtualne Qiuzy o 3 r\u00f3\u017cnych poziomach trudno\u015bci. Quizy weryfikuj\u0105 wiedz\u0119 na temat metropolii, a tak\u017ce \u015al\u0105ska i lokalnych tradycji. Celem gry jest stworzenie w\u0142asnej metropolii mo\u017cliwie jak najbardziej zielonej i zr\u00f3wnowa\u017conej.<\/p>\n\n\n\n<p>Pionki to wydruki 3D, kt\u00f3re przedstawiaj\u0105 wybrane lokacje. Reprezentuj\u0105 rozpoznawalne miejsca w miastach na prawach powiatu: Spodek, biurowce KTW, Planetarium, Rynek w Gliwicach, Bram\u0119 S\u0142o\u0144ca w Tychach, Wie\u017c\u0119 ci\u015bnie\u0144 w Zabrzu i wiele innych.<\/p>\n\n\n\n<p>W zestawie: plansza (sk\u0142adana z 4 cz\u0119\u015bci formatu A3), pionki &#8211; 14 sztuk, kostki do gry &#8211; 2 sztuki, znaczniki w\u0142asno\u015bci, \u017cetony funduszy, instrukcja, karty do gry<\/p>\n\n\n\n<p><strong>Gr\u0119 METROPOLII mo\u017cna zakupi\u0107 w oficjalnym sklepie Politechniki \u015al\u0105skiej:<\/strong><\/p>\n\n\n\n<div class=\"wp-block-buttons is-content-justification-center is-layout-flex wp-container-core-buttons-is-layout-16018d1d wp-block-buttons-is-layout-flex\">\n<div class=\"wp-block-button\"><a class=\"wp-block-button__link has-text-align-right wp-element-button\" href=\"https:\/\/esklep.polsl.pl\/shop-full-width\/strona-glowna-2\/gadzety\/gra-w-metropolie-gzm\/\">KUP GR\u0118<\/a><\/div>\n<\/div>\n","protected":false},"excerpt":{"rendered":"<p>Zaplanuj. Zbuduj. Zarz\u0105dzaj. Sta\u0144 si\u0119 tw\u00f3rc\u0105 nowoczesnej metropolii! METROPOLII to innowacyjna gra planszowa opracowana na Politechnice \u015al\u0105skiej, przez ko\u0142o URBANMODEL kt\u00f3ra przenosi graczy w \u015bwiat miejskich wyzwa\u0144, strategii i zr\u00f3wnowa\u017conego rozwoju. Gracze wcielaj\u0105 si\u0119 w role urbanist\u00f3w i zarz\u0105dc\u00f3w miast, kt\u00f3rych celem jest stworzenie najlepiej funkcjonuj\u0105cej i najbardziej przyjaznej mieszka\u0144com metropolii Podczas rozgrywki podejmujesz decyzje &hellip; <\/p>\n<p class=\"link-more\"><a href=\"https:\/\/grawmetropolie.polsl.pl\/index.php\/gra-planszowa\/\" class=\"more-link\">Czytaj dalej<span class=\"screen-reader-text\"> \u201eGRA PLANSZOWA\u201d<\/span><\/a><\/p>\n","protected":false},"author":1,"featured_media":596,"parent":0,"menu_order":0,"comment_status":"closed","ping_status":"closed","template":"","meta":{"_eb_attr":"","_uag_custom_page_level_css":"","footnotes":""},"class_list":["post-595","page","type-page","status-publish","has-post-thumbnail","hentry"],"uagb_featured_image_src":{"full":["https:\/\/grawmetropolie.polsl.pl\/wp-content\/uploads\/2025\/05\/METROPOLII-10-scaled.jpg",2560,1707,false],"thumbnail":["https:\/\/grawmetropolie.polsl.pl\/wp-content\/uploads\/2025\/05\/METROPOLII-10-150x150.jpg",150,150,true],"medium":["https:\/\/grawmetropolie.polsl.pl\/wp-content\/uploads\/2025\/05\/METROPOLII-10-300x200.jpg",300,200,true],"medium_large":["https:\/\/grawmetropolie.polsl.pl\/wp-content\/uploads\/2025\/05\/METROPOLII-10-768x512.jpg",525,350,true],"large":["https:\/\/grawmetropolie.polsl.pl\/wp-content\/uploads\/2025\/05\/METROPOLII-10-1024x683.jpg",525,350,true],"1536x1536":["https:\/\/grawmetropolie.polsl.pl\/wp-content\/uploads\/2025\/05\/METROPOLII-10-1536x1024.jpg",1536,1024,true],"2048x2048":["https:\/\/grawmetropolie.polsl.pl\/wp-content\/uploads\/2025\/05\/METROPOLII-10-2048x1365.jpg",2048,1365,true],"twentyseventeen-featured-image":["https:\/\/grawmetropolie.polsl.pl\/wp-content\/uploads\/2025\/05\/METROPOLII-10-2000x1200.jpg",2000,1200,true],"twentyseventeen-thumbnail-avatar":["https:\/\/grawmetropolie.polsl.pl\/wp-content\/uploads\/2025\/05\/METROPOLII-10-100x100.jpg",100,100,true]},"uagb_author_info":{"display_name":"bradecki","author_link":"https:\/\/grawmetropolie.polsl.pl\/index.php\/author\/bradecki\/"},"uagb_comment_info":0,"uagb_excerpt":"Zaplanuj. Zbuduj. Zarz\u0105dzaj. Sta\u0144 si\u0119 tw\u00f3rc\u0105 nowoczesnej metropolii! METROPOLII to innowacyjna gra planszowa opracowana na Politechnice \u015al\u0105skiej, przez ko\u0142o URBANMODEL kt\u00f3ra przenosi graczy w \u015bwiat miejskich wyzwa\u0144, strategii i zr\u00f3wnowa\u017conego rozwoju. Gracze wcielaj\u0105 si\u0119 w role urbanist\u00f3w i zarz\u0105dc\u00f3w miast, kt\u00f3rych celem jest stworzenie najlepiej funkcjonuj\u0105cej i najbardziej przyjaznej mieszka\u0144com metropolii Podczas rozgrywki podejmujesz decyzje&hellip;","_links":{"self":[{"href":"https:\/\/grawmetropolie.polsl.pl\/index.php\/wp-json\/wp\/v2\/pages\/595","targetHints":{"allow":["GET"]}}],"collection":[{"href":"https:\/\/grawmetropolie.polsl.pl\/index.php\/wp-json\/wp\/v2\/pages"}],"about":[{"href":"https:\/\/grawmetropolie.polsl.pl\/index.php\/wp-json\/wp\/v2\/types\/page"}],"author":[{"embeddable":true,"href":"https:\/\/grawmetropolie.polsl.pl\/index.php\/wp-json\/wp\/v2\/users\/1"}],"replies":[{"embeddable":true,"href":"https:\/\/grawmetropolie.polsl.pl\/index.php\/wp-json\/wp\/v2\/comments?post=595"}],"version-history":[{"count":8,"href":"https:\/\/grawmetropolie.polsl.pl\/index.php\/wp-json\/wp\/v2\/pages\/595\/revisions"}],"predecessor-version":[{"id":650,"href":"https:\/\/grawmetropolie.polsl.pl\/index.php\/wp-json\/wp\/v2\/pages\/595\/revisions\/650"}],"wp:featuredmedia":[{"embeddable":true,"href":"https:\/\/grawmetropolie.polsl.pl\/index.php\/wp-json\/wp\/v2\/media\/596"}],"wp:attachment":[{"href":"https:\/\/grawmetropolie.polsl.pl\/index.php\/wp-json\/wp\/v2\/media?parent=595"}],"curies":[{"name":"wp","href":"https:\/\/api.w.org\/{rel}","templated":true}]}}